{"id":10,"date":"2017-05-04T13:54:15","date_gmt":"2017-05-04T16:54:15","guid":{"rendered":"http:\/\/dna.canoas.ifrs.edu.br\/?page_id=10"},"modified":"2018-05-16T12:03:25","modified_gmt":"2018-05-16T15:03:25","slug":"desafio-nacional-academico-2017","status":"publish","type":"page","link":"https:\/\/dna.canoas.ifrs.edu.br\/","title":{"rendered":"IFRS &#8211; Campus Canoas"},"content":{"rendered":"<p style=\"text-align: justify;\"><strong>O que \u00e9?<\/strong><\/p>\n<p style=\"text-align: justify;\">Voc\u00ea, que gosta de Internet e topa qualquer desafio, n\u00e3o pode ficar de fora do maior evento virtual organizado no Brasil. Um evento que vai prepar\u00e1-lo para enfrentar todos os desafios do mercado de trabalho al\u00e9m de proporcionar diversas horas de divers\u00e3o e aprendizado.<\/p>\n<div id=\"rolatexto\">\n<p class=\"arialCinza12\">\u00a0Mais de 280.000 pessoas j\u00e1 participaram do DNA. Voc\u00ea vai ficar de fora?<\/p>\n<p>Ent\u00e3o, voc\u00ea est\u00e1 preparado para aceitar esse Desafio?<\/p>\n<p class=\"arialCinza12\">Para isto leia atentamente o <a href=\"http:\/\/www.desafionacional.com.br\/dna_em\/Manual_do_participante.pdf\" target=\"_blank\" rel=\"noopener noreferrer\"><strong>m<\/strong><strong>anual do Participante<\/strong><\/a><\/p>\n<\/div>\n<p style=\"text-align: justify;\">Fique por dentro tamb\u00e9m do <strong><a href=\"http:\/\/www.desafionacional.com.br\/dna_em\/Regulamento.pdf\" target=\"_blank\" rel=\"noopener noreferrer\">regulamento oficial do evento<\/a><\/strong>\u00a0e das suas <strong><a href=\"http:\/\/www.desafionacional.com.br\/dna_em\/dna_premiacao.asp\" target=\"_blank\" rel=\"noopener noreferrer\">premia\u00e7\u00f5es<\/a>.<\/strong><\/p>\n<p style=\"text-align: justify;\">Mais informa\u00e7\u00f5es sobre o evento podem ser obtidas no site do <strong><a href=\"http:\/\/www.desafionacional.com.br\/dna_em\/index.html\" target=\"_blank\" rel=\"noopener noreferrer\">Desafio Nacional Acad\u00eamico<\/a><\/strong>.<\/p>\n<p style=\"text-align: justify;\">Para o desafio <strong>IFRS &#8211; Campus Canoas<\/strong> ser\u00e3o classificadas 12 equipes de 5 alunos e as inscri\u00e7\u00f5es das equipes devem ser feitas pelo seguinte formul\u00e1rio: <span style=\"color: #ff0000;\"><strong>\u00a0<a style=\"color: #ff0000;\" href=\"https:\/\/goo.gl\/forms\/QLqMEm7bjAylAyWX2\" target=\"_blank\" rel=\"noopener noreferrer\">Formul\u00e1rio de Inscri\u00e7\u00e3o<\/a>.<\/strong><\/span><\/p>\n<p style=\"text-align: justify;\"><strong>ATEN\u00c7\u00c3O:\u00a0<\/strong>O custo da inscri\u00e7\u00e3o ser\u00e1 de R$ 20,00 por participante e <strong>N\u00c3O SER\u00c1 CUSTEADA PELO IFRS &#8211; CAMPUS CANOAS<\/strong>, cada equipe dever\u00e1 arrecadar o valor e posteriormente repassar este valor a organiza\u00e7\u00e3o do evento para que sejam pagas as taxas junto a organiza\u00e7\u00e3o central do <strong>Desafio Nacional Acad\u00eamico<\/strong>.<\/p>\n<p style=\"text-align: justify;\">\n","protected":false},"excerpt":{"rendered":"<p>O que \u00e9? Voc\u00ea, que gosta de Internet e topa qualquer desafio, n\u00e3o pode ficar de fora do maior evento virtual organizado no Brasil. Um evento que vai prepar\u00e1-lo para enfrentar todos os desafios do mercado de trabalho al\u00e9m de proporcionar diversas horas de divers\u00e3o e aprendizado. \u00a0Mais de 280.000 pessoas j\u00e1 participaram do DNA. &hellip; <\/p>\n<p class=\"link-more\"><a href=\"https:\/\/dna.canoas.ifrs.edu.br\/\" class=\"more-link\">Continue lendo<span class=\"screen-reader-text\"> &#8220;IFRS &#8211; Campus Canoas&#8221;<\/span><\/a><\/p>\n","protected":false},"author":2,"featured_media":0,"parent":0,"menu_order":0,"comment_status":"closed","ping_status":"closed","template":"","meta":{"footnotes":""},"class_list":["post-10","page","type-page","status-publish","hentry"],"_links":{"self":[{"href":"https:\/\/dna.canoas.ifrs.edu.br\/index.php?rest_route=\/wp\/v2\/pages\/10","targetHints":{"allow":["GET"]}}],"collection":[{"href":"https:\/\/dna.canoas.ifrs.edu.br\/index.php?rest_route=\/wp\/v2\/pages"}],"about":[{"href":"https:\/\/dna.canoas.ifrs.edu.br\/index.php?rest_route=\/wp\/v2\/types\/page"}],"author":[{"embeddable":true,"href":"https:\/\/dna.canoas.ifrs.edu.br\/index.php?rest_route=\/wp\/v2\/users\/2"}],"replies":[{"embeddable":true,"href":"https:\/\/dna.canoas.ifrs.edu.br\/index.php?rest_route=%2Fwp%2Fv2%2Fcomments&post=10"}],"version-history":[{"count":14,"href":"https:\/\/dna.canoas.ifrs.edu.br\/index.php?rest_route=\/wp\/v2\/pages\/10\/revisions"}],"predecessor-version":[{"id":97,"href":"https:\/\/dna.canoas.ifrs.edu.br\/index.php?rest_route=\/wp\/v2\/pages\/10\/revisions\/97"}],"wp:attachment":[{"href":"https:\/\/dna.canoas.ifrs.edu.br\/index.php?rest_route=%2Fwp%2Fv2%2Fmedia&parent=10"}],"curies":[{"name":"wp","href":"https:\/\/api.w.org\/{rel}","templated":true}]}}